{"id":2989,"date":"2025-06-04T13:35:52","date_gmt":"2025-06-04T13:35:52","guid":{"rendered":"https:\/\/serwer1772130.home.pl\/autoinstalator\/wordpress\/?page_id=2989"},"modified":"2025-06-04T13:35:52","modified_gmt":"2025-06-04T13:35:52","slug":"2989-2","status":"publish","type":"page","link":"https:\/\/serwer1772130.home.pl\/autoinstalator\/wordpress\/2989-2\/","title":{"rendered":""},"content":{"rendered":"\n<p class=\"has-text-align-center\"><strong>Dnia 12 czerwca, tj. czwartek zapraszamy serdecznie do udzia\u0142u w konferencji pt.: <\/strong><\/p>\n\n\n\n<p class=\"has-text-align-center\"><strong>&#8222;STRATEGIA ROZWOJU WOJEW\u00d3DZTWA \u015aL\u0104SKIEGO &#8211; ODKRYWANIE NOWEJ SI\u0141Y REGIONU&#8221;<\/strong><\/p>\n\n\n\n<p class=\"has-text-align-center\"><strong>Data konferencji:<\/strong> 12.06.2025 r.<\/p>\n\n\n\n<p class=\"has-text-align-center\"><strong>Godz.:<\/strong> 10:00 \u2013 13:00<\/p>\n\n\n\n<p class=\"has-text-align-center\"><strong>Miejsce:<\/strong>&nbsp; AKADEMIA WSB, UL. <a href=\"https:\/\/www.google.com\/url?sa=t&amp;source=web&amp;rct=j&amp;opi=89978449&amp;url=\/maps\/place\/\/data%3D!4m2!3m1!1s0x4716da24d876753f:0xd89ffbcd92cc2eb%3Fsa%3DX%26ved%3D1t:8290%26ictx%3D111&amp;ved=2ahUKEwietOLp6pCNAxVsGhAIHUGlEQkQ4kB6BAg9EAM&amp;usg=AOvVaw1FqUgh05hjmA7uQkOYK_AA\" target=\"_blank\" rel=\"noreferrer noopener\">ZYGMUNTA CIEPLAKA 1C, 41-300 D\u0104BROWA G\u00d3RNICZA<\/a><\/p>\n\n\n\n<p class=\"has-text-align-center\"><strong>Rejestracja &#8211; <\/strong>prosimy o przes\u0142anie imienia i nazwiska na adres:<strong> <a href=\"mailto:katowice@pte.pl\" target=\"_blank\" rel=\"noreferrer noopener\">katowice@pte.pl<\/a><\/strong><\/p>\n\n\n\n<div style=\"height:36px\" aria-hidden=\"true\" class=\"wp-block-spacer\"><\/div>\n\n\n\n<figure class=\"wp-block-gallery has-nested-images columns-default is-cropped wp-block-gallery-1 is-layout-flex wp-block-gallery-is-layout-flex\">\n<figure data-wp-context=\"{&quot;imageId&quot;:&quot;69eb63b8afc18&quot;}\" data-wp-interactive=\"core\/image\" data-wp-key=\"69eb63b8afc18\" class=\"wp-block-image size-large wp-lightbox-container\"><img loading=\"lazy\" decoding=\"async\" width=\"724\" height=\"1024\" data-wp-class--hide=\"state.isContentHidden\" data-wp-class--show=\"state.isContentVisible\" data-wp-init=\"callbacks.setButtonStyles\" data-wp-on--click=\"actions.showLightbox\" data-wp-on--load=\"callbacks.setButtonStyles\" data-wp-on-window--resize=\"callbacks.setButtonStyles\" data-id=\"2990\" src=\"https:\/\/serwer1772130.home.pl\/autoinstalator\/wordpress\/wp-content\/uploads\/2025\/06\/12.06-informacje-konferencja-724x1024.jpg\" alt=\"\" class=\"wp-image-2990\" srcset=\"https:\/\/serwer1772130.home.pl\/autoinstalator\/wordpress\/wp-content\/uploads\/2025\/06\/12.06-informacje-konferencja-724x1024.jpg 724w, https:\/\/serwer1772130.home.pl\/autoinstalator\/wordpress\/wp-content\/uploads\/2025\/06\/12.06-informacje-konferencja-212x300.jpg 212w, https:\/\/serwer1772130.home.pl\/autoinstalator\/wordpress\/wp-content\/uploads\/2025\/06\/12.06-informacje-konferencja-768x1086.jpg 768w, https:\/\/serwer1772130.home.pl\/autoinstalator\/wordpress\/wp-content\/uploads\/2025\/06\/12.06-informacje-konferencja-1086x1536.jpg 1086w, https:\/\/serwer1772130.home.pl\/autoinstalator\/wordpress\/wp-content\/uploads\/2025\/06\/12.06-informacje-konferencja-1140x1613.jpg 1140w, https:\/\/serwer1772130.home.pl\/autoinstalator\/wordpress\/wp-content\/uploads\/2025\/06\/12.06-informacje-konferencja.jpg 1240w\" sizes=\"auto, (max-width: 724px) 100vw, 724px\" \/><button\n\t\t\tclass=\"lightbox-trigger\"\n\t\t\ttype=\"button\"\n\t\t\taria-haspopup=\"dialog\"\n\t\t\taria-label=\"Powi\u0119ksz\"\n\t\t\tdata-wp-init=\"callbacks.initTriggerButton\"\n\t\t\tdata-wp-on--click=\"actions.showLightbox\"\n\t\t\tdata-wp-style--right=\"state.imageButtonRight\"\n\t\t\tdata-wp-style--top=\"state.imageButtonTop\"\n\t\t>\n\t\t\t<svg xmlns=\"http:\/\/www.w3.org\/2000\/svg\" width=\"12\" height=\"12\" fill=\"none\" viewBox=\"0 0 12 12\">\n\t\t\t\t<path fill=\"#fff\" d=\"M2 0a2 2 0 0 0-2 2v2h1.5V2a.5.5 0 0 1 .5-.5h2V0H2Zm2 10.5H2a.5.5 0 0 1-.5-.5V8H0v2a2 2 0 0 0 2 2h2v-1.5ZM8 12v-1.5h2a.5.5 0 0 0 .5-.5V8H12v2a2 2 0 0 1-2 2H8Zm2-12a2 2 0 0 1 2 2v2h-1.5V2a.5.5 0 0 0-.5-.5H8V0h2Z\" \/>\n\t\t\t<\/svg>\n\t\t<\/button><\/figure>\n\n\n\n<figure data-wp-context=\"{&quot;imageId&quot;:&quot;69eb63b8b009e&quot;}\" data-wp-interactive=\"core\/image\" data-wp-key=\"69eb63b8b009e\" class=\"wp-block-image size-large wp-lightbox-container\"><img loading=\"lazy\" decoding=\"async\" width=\"724\" height=\"1024\" data-wp-class--hide=\"state.isContentHidden\" data-wp-class--show=\"state.isContentVisible\" data-wp-init=\"callbacks.setButtonStyles\" data-wp-on--click=\"actions.showLightbox\" data-wp-on--load=\"callbacks.setButtonStyles\" data-wp-on-window--resize=\"callbacks.setButtonStyles\" data-id=\"2992\" src=\"https:\/\/serwer1772130.home.pl\/autoinstalator\/wordpress\/wp-content\/uploads\/2025\/06\/12.06-porgram-konferencji-724x1024.jpg\" alt=\"\" class=\"wp-image-2992\" srcset=\"https:\/\/serwer1772130.home.pl\/autoinstalator\/wordpress\/wp-content\/uploads\/2025\/06\/12.06-porgram-konferencji-724x1024.jpg 724w, https:\/\/serwer1772130.home.pl\/autoinstalator\/wordpress\/wp-content\/uploads\/2025\/06\/12.06-porgram-konferencji-212x300.jpg 212w, https:\/\/serwer1772130.home.pl\/autoinstalator\/wordpress\/wp-content\/uploads\/2025\/06\/12.06-porgram-konferencji-768x1086.jpg 768w, https:\/\/serwer1772130.home.pl\/autoinstalator\/wordpress\/wp-content\/uploads\/2025\/06\/12.06-porgram-konferencji-1086x1536.jpg 1086w, https:\/\/serwer1772130.home.pl\/autoinstalator\/wordpress\/wp-content\/uploads\/2025\/06\/12.06-porgram-konferencji-1140x1613.jpg 1140w, https:\/\/serwer1772130.home.pl\/autoinstalator\/wordpress\/wp-content\/uploads\/2025\/06\/12.06-porgram-konferencji.jpg 1240w\" sizes=\"auto, (max-width: 724px) 100vw, 724px\" \/><button\n\t\t\tclass=\"lightbox-trigger\"\n\t\t\ttype=\"button\"\n\t\t\taria-haspopup=\"dialog\"\n\t\t\taria-label=\"Powi\u0119ksz\"\n\t\t\tdata-wp-init=\"callbacks.initTriggerButton\"\n\t\t\tdata-wp-on--click=\"actions.showLightbox\"\n\t\t\tdata-wp-style--right=\"state.imageButtonRight\"\n\t\t\tdata-wp-style--top=\"state.imageButtonTop\"\n\t\t>\n\t\t\t<svg xmlns=\"http:\/\/www.w3.org\/2000\/svg\" width=\"12\" height=\"12\" fill=\"none\" viewBox=\"0 0 12 12\">\n\t\t\t\t<path fill=\"#fff\" d=\"M2 0a2 2 0 0 0-2 2v2h1.5V2a.5.5 0 0 1 .5-.5h2V0H2Zm2 10.5H2a.5.5 0 0 1-.5-.5V8H0v2a2 2 0 0 0 2 2h2v-1.5ZM8 12v-1.5h2a.5.5 0 0 0 .5-.5V8H12v2a2 2 0 0 1-2 2H8Zm2-12a2 2 0 0 1 2 2v2h-1.5V2a.5.5 0 0 0-.5-.5H8V0h2Z\" \/>\n\t\t\t<\/svg>\n\t\t<\/button><\/figure>\n\n\n\n<figure data-wp-context=\"{&quot;imageId&quot;:&quot;69eb63b8b0482&quot;}\" data-wp-interactive=\"core\/image\" data-wp-key=\"69eb63b8b0482\" class=\"wp-block-image size-large wp-lightbox-container\"><img loading=\"lazy\" decoding=\"async\" width=\"724\" height=\"1024\" data-wp-class--hide=\"state.isContentHidden\" data-wp-class--show=\"state.isContentVisible\" data-wp-init=\"callbacks.setButtonStyles\" data-wp-on--click=\"actions.showLightbox\" data-wp-on--load=\"callbacks.setButtonStyles\" data-wp-on-window--resize=\"callbacks.setButtonStyles\" data-id=\"2991\" src=\"https:\/\/serwer1772130.home.pl\/autoinstalator\/wordpress\/wp-content\/uploads\/2025\/06\/12.06-Strategia-Rozwoju-woj-Slaskiego-zaproszenie-724x1024.jpg\" alt=\"\" class=\"wp-image-2991\" srcset=\"https:\/\/serwer1772130.home.pl\/autoinstalator\/wordpress\/wp-content\/uploads\/2025\/06\/12.06-Strategia-Rozwoju-woj-Slaskiego-zaproszenie-724x1024.jpg 724w, https:\/\/serwer1772130.home.pl\/autoinstalator\/wordpress\/wp-content\/uploads\/2025\/06\/12.06-Strategia-Rozwoju-woj-Slaskiego-zaproszenie-212x300.jpg 212w, https:\/\/serwer1772130.home.pl\/autoinstalator\/wordpress\/wp-content\/uploads\/2025\/06\/12.06-Strategia-Rozwoju-woj-Slaskiego-zaproszenie-768x1086.jpg 768w, https:\/\/serwer1772130.home.pl\/autoinstalator\/wordpress\/wp-content\/uploads\/2025\/06\/12.06-Strategia-Rozwoju-woj-Slaskiego-zaproszenie-1086x1536.jpg 1086w, https:\/\/serwer1772130.home.pl\/autoinstalator\/wordpress\/wp-content\/uploads\/2025\/06\/12.06-Strategia-Rozwoju-woj-Slaskiego-zaproszenie-1140x1613.jpg 1140w, https:\/\/serwer1772130.home.pl\/autoinstalator\/wordpress\/wp-content\/uploads\/2025\/06\/12.06-Strategia-Rozwoju-woj-Slaskiego-zaproszenie.jpg 1240w\" sizes=\"auto, (max-width: 724px) 100vw, 724px\" \/><button\n\t\t\tclass=\"lightbox-trigger\"\n\t\t\ttype=\"button\"\n\t\t\taria-haspopup=\"dialog\"\n\t\t\taria-label=\"Powi\u0119ksz\"\n\t\t\tdata-wp-init=\"callbacks.initTriggerButton\"\n\t\t\tdata-wp-on--click=\"actions.showLightbox\"\n\t\t\tdata-wp-style--right=\"state.imageButtonRight\"\n\t\t\tdata-wp-style--top=\"state.imageButtonTop\"\n\t\t>\n\t\t\t<svg xmlns=\"http:\/\/www.w3.org\/2000\/svg\" width=\"12\" height=\"12\" fill=\"none\" viewBox=\"0 0 12 12\">\n\t\t\t\t<path fill=\"#fff\" d=\"M2 0a2 2 0 0 0-2 2v2h1.5V2a.5.5 0 0 1 .5-.5h2V0H2Zm2 10.5H2a.5.5 0 0 1-.5-.5V8H0v2a2 2 0 0 0 2 2h2v-1.5ZM8 12v-1.5h2a.5.5 0 0 0 .5-.5V8H12v2a2 2 0 0 1-2 2H8Zm2-12a2 2 0 0 1 2 2v2h-1.5V2a.5.5 0 0 0-.5-.5H8V0h2Z\" \/>\n\t\t\t<\/svg>\n\t\t<\/button><\/figure>\n<\/figure>\n","protected":false},"excerpt":{"rendered":"<p>Dnia 12 czerwca, tj. czwartek zapraszamy serdecznie do udzia\u0142u w konferencji pt.: &#8222;STRATEGIA ROZWOJU WOJEW\u00d3DZTWA \u015aL\u0104SKIEGO &#8211; ODKRYWANIE NOWEJ SI\u0141Y REGIONU&#8221; Data konferencji: 12.06.2025 r. Godz.: 10:00 \u2013 13:00 Miejsce:&nbsp; AKADEMIA WSB, UL. ZYGMUNTA CIEPLAKA 1C, 41-300 D\u0104BROWA G\u00d3RNICZA Rejestracja &#8211; prosimy o przes\u0142anie imienia i nazwiska na adres: katowice@pte.pl<\/p>\n","protected":false},"author":1,"featured_media":0,"parent":0,"menu_order":0,"comment_status":"closed","ping_status":"closed","template":"","meta":{"footnotes":""},"class_list":["post-2989","page","type-page","status-publish","hentry"],"_links":{"self":[{"href":"https:\/\/serwer1772130.home.pl\/autoinstalator\/wordpress\/wp-json\/wp\/v2\/pages\/2989","targetHints":{"allow":["GET"]}}],"collection":[{"href":"https:\/\/serwer1772130.home.pl\/autoinstalator\/wordpress\/wp-json\/wp\/v2\/pages"}],"about":[{"href":"https:\/\/serwer1772130.home.pl\/autoinstalator\/wordpress\/wp-json\/wp\/v2\/types\/page"}],"author":[{"embeddable":true,"href":"https:\/\/serwer1772130.home.pl\/autoinstalator\/wordpress\/wp-json\/wp\/v2\/users\/1"}],"replies":[{"embeddable":true,"href":"https:\/\/serwer1772130.home.pl\/autoinstalator\/wordpress\/wp-json\/wp\/v2\/comments?post=2989"}],"version-history":[{"count":1,"href":"https:\/\/serwer1772130.home.pl\/autoinstalator\/wordpress\/wp-json\/wp\/v2\/pages\/2989\/revisions"}],"predecessor-version":[{"id":2993,"href":"https:\/\/serwer1772130.home.pl\/autoinstalator\/wordpress\/wp-json\/wp\/v2\/pages\/2989\/revisions\/2993"}],"wp:attachment":[{"href":"https:\/\/serwer1772130.home.pl\/autoinstalator\/wordpress\/wp-json\/wp\/v2\/media?parent=2989"}],"curies":[{"name":"wp","href":"https:\/\/api.w.org\/{rel}","templated":true}]}}