{"id":3002,"date":"2025-11-14T11:09:37","date_gmt":"2025-11-14T11:09:37","guid":{"rendered":"https:\/\/serwer1772130.home.pl\/autoinstalator\/wordpress\/?page_id=3002"},"modified":"2025-11-14T11:09:37","modified_gmt":"2025-11-14T11:09:37","slug":"3002-2","status":"publish","type":"page","link":"https:\/\/serwer1772130.home.pl\/autoinstalator\/wordpress\/3002-2\/","title":{"rendered":""},"content":{"rendered":"\n<p class=\"has-text-align-center\"><strong>SZANOWNI PA\u0143STWO<\/strong><\/p>\n\n\n\n<div style=\"height:25px\" aria-hidden=\"true\" class=\"wp-block-spacer\"><\/div>\n\n\n\n<p class=\"has-text-align-center\"><strong>Zapraszamy do bezp\u0142atnego udzia\u0142u w VII edycji\u00a0konferencji o G\u00f3rno\u015bl\u0105sko Zag\u0142\u0119biowskiej\u00a0Metropolii.<\/strong><\/p>\n\n\n\n<div style=\"height:14px\" aria-hidden=\"true\" class=\"wp-block-spacer\"><\/div>\n\n\n\n<p class=\"has-text-align-center\"><strong>Data: 26 listopad 2025 r.<\/strong><\/p>\n\n\n\n<p class=\"has-text-align-center\"><strong>Godz. 10:00 &#8211; 13:00<\/strong><\/p>\n\n\n\n<p class=\"has-text-align-center\"><strong>Miejsce:&nbsp; Sala Sejmu \u015al\u0105skiego w Katowicach przy ul. Ligonia 49 w Katowicach<\/strong><\/p>\n\n\n\n<p class=\"has-text-align-center\"><strong>Zg\u0142oszenia prosimy wysy\u0142a\u0107 na adres: <a href=\"mailto:katowice@pte.pl\" target=\"_blank\" rel=\"noreferrer noopener\">katowice@pte.pl<\/a>&nbsp; z podaniem imienia i nazwiska.<\/strong><\/p>\n\n\n\n<p class=\"has-text-align-center\"><strong>ZAPRASZAMY!<\/strong><\/p>\n\n\n\n<div style=\"height:26px\" aria-hidden=\"true\" class=\"wp-block-spacer\"><\/div>\n\n\n\n<figure class=\"wp-block-gallery has-nested-images columns-default is-cropped wp-block-gallery-1 is-layout-flex wp-block-gallery-is-layout-flex\">\n<figure data-wp-context=\"{&quot;imageId&quot;:&quot;69eb63b899e3d&quot;}\" data-wp-interactive=\"core\/image\" data-wp-key=\"69eb63b899e3d\" class=\"wp-block-image size-large wp-lightbox-container\"><img loading=\"lazy\" decoding=\"async\" width=\"724\" height=\"1024\" data-wp-class--hide=\"state.isContentHidden\" data-wp-class--show=\"state.isContentVisible\" data-wp-init=\"callbacks.setButtonStyles\" data-wp-on--click=\"actions.showLightbox\" data-wp-on--load=\"callbacks.setButtonStyles\" data-wp-on-window--resize=\"callbacks.setButtonStyles\" data-id=\"3005\" src=\"https:\/\/serwer1772130.home.pl\/autoinstalator\/wordpress\/wp-content\/uploads\/2025\/11\/Konferencja-o-Metropolii-26.11-program-724x1024.jpg\" alt=\"\" class=\"wp-image-3005\" srcset=\"https:\/\/serwer1772130.home.pl\/autoinstalator\/wordpress\/wp-content\/uploads\/2025\/11\/Konferencja-o-Metropolii-26.11-program-724x1024.jpg 724w, https:\/\/serwer1772130.home.pl\/autoinstalator\/wordpress\/wp-content\/uploads\/2025\/11\/Konferencja-o-Metropolii-26.11-program-212x300.jpg 212w, https:\/\/serwer1772130.home.pl\/autoinstalator\/wordpress\/wp-content\/uploads\/2025\/11\/Konferencja-o-Metropolii-26.11-program-768x1086.jpg 768w, https:\/\/serwer1772130.home.pl\/autoinstalator\/wordpress\/wp-content\/uploads\/2025\/11\/Konferencja-o-Metropolii-26.11-program-1086x1536.jpg 1086w, https:\/\/serwer1772130.home.pl\/autoinstalator\/wordpress\/wp-content\/uploads\/2025\/11\/Konferencja-o-Metropolii-26.11-program-1140x1613.jpg 1140w, https:\/\/serwer1772130.home.pl\/autoinstalator\/wordpress\/wp-content\/uploads\/2025\/11\/Konferencja-o-Metropolii-26.11-program.jpg 1240w\" sizes=\"auto, (max-width: 724px) 100vw, 724px\" \/><button\n\t\t\tclass=\"lightbox-trigger\"\n\t\t\ttype=\"button\"\n\t\t\taria-haspopup=\"dialog\"\n\t\t\taria-label=\"Powi\u0119ksz\"\n\t\t\tdata-wp-init=\"callbacks.initTriggerButton\"\n\t\t\tdata-wp-on--click=\"actions.showLightbox\"\n\t\t\tdata-wp-style--right=\"state.imageButtonRight\"\n\t\t\tdata-wp-style--top=\"state.imageButtonTop\"\n\t\t>\n\t\t\t<svg xmlns=\"http:\/\/www.w3.org\/2000\/svg\" width=\"12\" height=\"12\" fill=\"none\" viewBox=\"0 0 12 12\">\n\t\t\t\t<path fill=\"#fff\" d=\"M2 0a2 2 0 0 0-2 2v2h1.5V2a.5.5 0 0 1 .5-.5h2V0H2Zm2 10.5H2a.5.5 0 0 1-.5-.5V8H0v2a2 2 0 0 0 2 2h2v-1.5ZM8 12v-1.5h2a.5.5 0 0 0 .5-.5V8H12v2a2 2 0 0 1-2 2H8Zm2-12a2 2 0 0 1 2 2v2h-1.5V2a.5.5 0 0 0-.5-.5H8V0h2Z\" \/>\n\t\t\t<\/svg>\n\t\t<\/button><\/figure>\n\n\n\n<figure data-wp-context=\"{&quot;imageId&quot;:&quot;69eb63b89a234&quot;}\" data-wp-interactive=\"core\/image\" data-wp-key=\"69eb63b89a234\" class=\"wp-block-image size-large wp-lightbox-container\"><img loading=\"lazy\" decoding=\"async\" width=\"724\" height=\"1024\" data-wp-class--hide=\"state.isContentHidden\" data-wp-class--show=\"state.isContentVisible\" data-wp-init=\"callbacks.setButtonStyles\" data-wp-on--click=\"actions.showLightbox\" data-wp-on--load=\"callbacks.setButtonStyles\" data-wp-on-window--resize=\"callbacks.setButtonStyles\" data-id=\"3006\" src=\"https:\/\/serwer1772130.home.pl\/autoinstalator\/wordpress\/wp-content\/uploads\/2025\/11\/Konferencja-ZGLOSZENIA-26.11-724x1024.jpg\" alt=\"\" class=\"wp-image-3006\" srcset=\"https:\/\/serwer1772130.home.pl\/autoinstalator\/wordpress\/wp-content\/uploads\/2025\/11\/Konferencja-ZGLOSZENIA-26.11-724x1024.jpg 724w, https:\/\/serwer1772130.home.pl\/autoinstalator\/wordpress\/wp-content\/uploads\/2025\/11\/Konferencja-ZGLOSZENIA-26.11-212x300.jpg 212w, https:\/\/serwer1772130.home.pl\/autoinstalator\/wordpress\/wp-content\/uploads\/2025\/11\/Konferencja-ZGLOSZENIA-26.11-768x1086.jpg 768w, https:\/\/serwer1772130.home.pl\/autoinstalator\/wordpress\/wp-content\/uploads\/2025\/11\/Konferencja-ZGLOSZENIA-26.11-1086x1536.jpg 1086w, https:\/\/serwer1772130.home.pl\/autoinstalator\/wordpress\/wp-content\/uploads\/2025\/11\/Konferencja-ZGLOSZENIA-26.11-1140x1613.jpg 1140w, https:\/\/serwer1772130.home.pl\/autoinstalator\/wordpress\/wp-content\/uploads\/2025\/11\/Konferencja-ZGLOSZENIA-26.11.jpg 1240w\" sizes=\"auto, (max-width: 724px) 100vw, 724px\" \/><button\n\t\t\tclass=\"lightbox-trigger\"\n\t\t\ttype=\"button\"\n\t\t\taria-haspopup=\"dialog\"\n\t\t\taria-label=\"Powi\u0119ksz\"\n\t\t\tdata-wp-init=\"callbacks.initTriggerButton\"\n\t\t\tdata-wp-on--click=\"actions.showLightbox\"\n\t\t\tdata-wp-style--right=\"state.imageButtonRight\"\n\t\t\tdata-wp-style--top=\"state.imageButtonTop\"\n\t\t>\n\t\t\t<svg xmlns=\"http:\/\/www.w3.org\/2000\/svg\" width=\"12\" height=\"12\" fill=\"none\" viewBox=\"0 0 12 12\">\n\t\t\t\t<path fill=\"#fff\" d=\"M2 0a2 2 0 0 0-2 2v2h1.5V2a.5.5 0 0 1 .5-.5h2V0H2Zm2 10.5H2a.5.5 0 0 1-.5-.5V8H0v2a2 2 0 0 0 2 2h2v-1.5ZM8 12v-1.5h2a.5.5 0 0 0 .5-.5V8H12v2a2 2 0 0 1-2 2H8Zm2-12a2 2 0 0 1 2 2v2h-1.5V2a.5.5 0 0 0-.5-.5H8V0h2Z\" \/>\n\t\t\t<\/svg>\n\t\t<\/button><\/figure>\n\n\n\n<figure data-wp-context=\"{&quot;imageId&quot;:&quot;69eb63b89a57e&quot;}\" data-wp-interactive=\"core\/image\" data-wp-key=\"69eb63b89a57e\" class=\"wp-block-image size-large wp-lightbox-container\"><img loading=\"lazy\" decoding=\"async\" width=\"724\" height=\"1024\" data-wp-class--hide=\"state.isContentHidden\" data-wp-class--show=\"state.isContentVisible\" data-wp-init=\"callbacks.setButtonStyles\" data-wp-on--click=\"actions.showLightbox\" data-wp-on--load=\"callbacks.setButtonStyles\" data-wp-on-window--resize=\"callbacks.setButtonStyles\" data-id=\"3004\" src=\"https:\/\/serwer1772130.home.pl\/autoinstalator\/wordpress\/wp-content\/uploads\/2025\/11\/zaproszenie_listopad-724x1024.jpg\" alt=\"\" class=\"wp-image-3004\" srcset=\"https:\/\/serwer1772130.home.pl\/autoinstalator\/wordpress\/wp-content\/uploads\/2025\/11\/zaproszenie_listopad-724x1024.jpg 724w, https:\/\/serwer1772130.home.pl\/autoinstalator\/wordpress\/wp-content\/uploads\/2025\/11\/zaproszenie_listopad-212x300.jpg 212w, https:\/\/serwer1772130.home.pl\/autoinstalator\/wordpress\/wp-content\/uploads\/2025\/11\/zaproszenie_listopad-768x1086.jpg 768w, https:\/\/serwer1772130.home.pl\/autoinstalator\/wordpress\/wp-content\/uploads\/2025\/11\/zaproszenie_listopad-1086x1536.jpg 1086w, https:\/\/serwer1772130.home.pl\/autoinstalator\/wordpress\/wp-content\/uploads\/2025\/11\/zaproszenie_listopad-1140x1613.jpg 1140w, https:\/\/serwer1772130.home.pl\/autoinstalator\/wordpress\/wp-content\/uploads\/2025\/11\/zaproszenie_listopad.jpg 1240w\" sizes=\"auto, (max-width: 724px) 100vw, 724px\" \/><button\n\t\t\tclass=\"lightbox-trigger\"\n\t\t\ttype=\"button\"\n\t\t\taria-haspopup=\"dialog\"\n\t\t\taria-label=\"Powi\u0119ksz\"\n\t\t\tdata-wp-init=\"callbacks.initTriggerButton\"\n\t\t\tdata-wp-on--click=\"actions.showLightbox\"\n\t\t\tdata-wp-style--right=\"state.imageButtonRight\"\n\t\t\tdata-wp-style--top=\"state.imageButtonTop\"\n\t\t>\n\t\t\t<svg xmlns=\"http:\/\/www.w3.org\/2000\/svg\" width=\"12\" height=\"12\" fill=\"none\" viewBox=\"0 0 12 12\">\n\t\t\t\t<path fill=\"#fff\" d=\"M2 0a2 2 0 0 0-2 2v2h1.5V2a.5.5 0 0 1 .5-.5h2V0H2Zm2 10.5H2a.5.5 0 0 1-.5-.5V8H0v2a2 2 0 0 0 2 2h2v-1.5ZM8 12v-1.5h2a.5.5 0 0 0 .5-.5V8H12v2a2 2 0 0 1-2 2H8Zm2-12a2 2 0 0 1 2 2v2h-1.5V2a.5.5 0 0 0-.5-.5H8V0h2Z\" \/>\n\t\t\t<\/svg>\n\t\t<\/button><\/figure>\n<\/figure>\n","protected":false},"excerpt":{"rendered":"<p>SZANOWNI PA\u0143STWO Zapraszamy do bezp\u0142atnego udzia\u0142u w VII edycji\u00a0konferencji o G\u00f3rno\u015bl\u0105sko Zag\u0142\u0119biowskiej\u00a0Metropolii. Data: 26 listopad 2025 r. Godz. 10:00 &#8211; 13:00 Miejsce:&nbsp; Sala Sejmu \u015al\u0105skiego w Katowicach przy ul. Ligonia 49 w Katowicach Zg\u0142oszenia prosimy wysy\u0142a\u0107 na adres: katowice@pte.pl&nbsp; z podaniem imienia i nazwiska. ZAPRASZAMY!<\/p>\n","protected":false},"author":1,"featured_media":0,"parent":0,"menu_order":0,"comment_status":"closed","ping_status":"closed","template":"","meta":{"footnotes":""},"class_list":["post-3002","page","type-page","status-publish","hentry"],"_links":{"self":[{"href":"https:\/\/serwer1772130.home.pl\/autoinstalator\/wordpress\/wp-json\/wp\/v2\/pages\/3002","targetHints":{"allow":["GET"]}}],"collection":[{"href":"https:\/\/serwer1772130.home.pl\/autoinstalator\/wordpress\/wp-json\/wp\/v2\/pages"}],"about":[{"href":"https:\/\/serwer1772130.home.pl\/autoinstalator\/wordpress\/wp-json\/wp\/v2\/types\/page"}],"author":[{"embeddable":true,"href":"https:\/\/serwer1772130.home.pl\/autoinstalator\/wordpress\/wp-json\/wp\/v2\/users\/1"}],"replies":[{"embeddable":true,"href":"https:\/\/serwer1772130.home.pl\/autoinstalator\/wordpress\/wp-json\/wp\/v2\/comments?post=3002"}],"version-history":[{"count":6,"href":"https:\/\/serwer1772130.home.pl\/autoinstalator\/wordpress\/wp-json\/wp\/v2\/pages\/3002\/revisions"}],"predecessor-version":[{"id":3011,"href":"https:\/\/serwer1772130.home.pl\/autoinstalator\/wordpress\/wp-json\/wp\/v2\/pages\/3002\/revisions\/3011"}],"wp:attachment":[{"href":"https:\/\/serwer1772130.home.pl\/autoinstalator\/wordpress\/wp-json\/wp\/v2\/media?parent=3002"}],"curies":[{"name":"wp","href":"https:\/\/api.w.org\/{rel}","templated":true}]}}