{"id":3016,"date":"2025-11-20T22:37:12","date_gmt":"2025-11-20T22:37:12","guid":{"rendered":"https:\/\/serwer1772130.home.pl\/autoinstalator\/wordpress\/?page_id=3016"},"modified":"2025-11-20T22:37:12","modified_gmt":"2025-11-20T22:37:12","slug":"3016-2","status":"publish","type":"page","link":"https:\/\/serwer1772130.home.pl\/autoinstalator\/wordpress\/3016-2\/","title":{"rendered":""},"content":{"rendered":"\n<p class=\"has-text-align-center\"><strong>Zapraszamy do udzia\u0142u w bezp\u0142atnej konferencji pt.: <\/strong><\/p>\n\n\n\n<div style=\"height:20px\" aria-hidden=\"true\" class=\"wp-block-spacer\"><\/div>\n\n\n\n<p class=\"has-text-align-center\" style=\"font-size:18px\"><strong>G\u00f3rnictwo w\u0119gla energetycznego w okresie transformacji energetyki. Pytania i w\u0105tpliwo\u015bci.<\/strong><\/p>\n\n\n\n<div style=\"height:20px\" aria-hidden=\"true\" class=\"wp-block-spacer\"><\/div>\n\n\n\n<p class=\"has-text-align-center\"><strong>Data: 9 grudnia 2025 r.<\/strong><\/p>\n\n\n\n<p class=\"has-text-align-center\"><strong>Godz. 10:00 &#8211; 13:00<\/strong><\/p>\n\n\n\n<p class=\"has-text-align-center\"><strong>Miejsce: \u00a0G\u0142\u00f3wny Instytut G\u00f3rnictwa &#8211; Pa\u0144stwowy Instytut Badawczy Katowice,<\/strong><\/p>\n\n\n\n<p class=\"has-text-align-center\"><strong>Plac Gwark\u00f3w 1 Aula im. prof. Marcina Boreckiego<\/strong><\/p>\n\n\n\n<p class=\"has-text-align-center\"><strong>ZG\u0141OSZENIA: prosimy o przes\u0142anie imienia i nazwiska na adres: <a href=\"mailto:katowice@pte.pl\" target=\"_blank\" rel=\"noreferrer noopener\">katowice@pte.pl<\/a><\/strong><\/p>\n\n\n\n<div style=\"height:30px\" aria-hidden=\"true\" class=\"wp-block-spacer\"><\/div>\n\n\n\n<figure class=\"wp-block-gallery has-nested-images columns-default is-cropped wp-block-gallery-1 is-layout-flex wp-block-gallery-is-layout-flex\">\n<figure data-wp-context=\"{&quot;imageId&quot;:&quot;69eb63b859069&quot;}\" data-wp-interactive=\"core\/image\" data-wp-key=\"69eb63b859069\" class=\"wp-block-image size-large wp-lightbox-container\"><img loading=\"lazy\" decoding=\"async\" width=\"724\" height=\"1024\" data-wp-class--hide=\"state.isContentHidden\" data-wp-class--show=\"state.isContentVisible\" data-wp-init=\"callbacks.setButtonStyles\" data-wp-on--click=\"actions.showLightbox\" data-wp-on--load=\"callbacks.setButtonStyles\" data-wp-on-window--resize=\"callbacks.setButtonStyles\" data-id=\"3021\" src=\"https:\/\/serwer1772130.home.pl\/autoinstalator\/wordpress\/wp-content\/uploads\/2025\/11\/Konferencja-gornicza-09.12-program-724x1024.jpg\" alt=\"\" class=\"wp-image-3021\" srcset=\"https:\/\/serwer1772130.home.pl\/autoinstalator\/wordpress\/wp-content\/uploads\/2025\/11\/Konferencja-gornicza-09.12-program-724x1024.jpg 724w, https:\/\/serwer1772130.home.pl\/autoinstalator\/wordpress\/wp-content\/uploads\/2025\/11\/Konferencja-gornicza-09.12-program-212x300.jpg 212w, https:\/\/serwer1772130.home.pl\/autoinstalator\/wordpress\/wp-content\/uploads\/2025\/11\/Konferencja-gornicza-09.12-program-768x1086.jpg 768w, https:\/\/serwer1772130.home.pl\/autoinstalator\/wordpress\/wp-content\/uploads\/2025\/11\/Konferencja-gornicza-09.12-program-1086x1536.jpg 1086w, https:\/\/serwer1772130.home.pl\/autoinstalator\/wordpress\/wp-content\/uploads\/2025\/11\/Konferencja-gornicza-09.12-program-1140x1613.jpg 1140w, https:\/\/serwer1772130.home.pl\/autoinstalator\/wordpress\/wp-content\/uploads\/2025\/11\/Konferencja-gornicza-09.12-program.jpg 1240w\" sizes=\"auto, (max-width: 724px) 100vw, 724px\" \/><button\n\t\t\tclass=\"lightbox-trigger\"\n\t\t\ttype=\"button\"\n\t\t\taria-haspopup=\"dialog\"\n\t\t\taria-label=\"Powi\u0119ksz\"\n\t\t\tdata-wp-init=\"callbacks.initTriggerButton\"\n\t\t\tdata-wp-on--click=\"actions.showLightbox\"\n\t\t\tdata-wp-style--right=\"state.imageButtonRight\"\n\t\t\tdata-wp-style--top=\"state.imageButtonTop\"\n\t\t>\n\t\t\t<svg xmlns=\"http:\/\/www.w3.org\/2000\/svg\" width=\"12\" height=\"12\" fill=\"none\" viewBox=\"0 0 12 12\">\n\t\t\t\t<path fill=\"#fff\" d=\"M2 0a2 2 0 0 0-2 2v2h1.5V2a.5.5 0 0 1 .5-.5h2V0H2Zm2 10.5H2a.5.5 0 0 1-.5-.5V8H0v2a2 2 0 0 0 2 2h2v-1.5ZM8 12v-1.5h2a.5.5 0 0 0 .5-.5V8H12v2a2 2 0 0 1-2 2H8Zm2-12a2 2 0 0 1 2 2v2h-1.5V2a.5.5 0 0 0-.5-.5H8V0h2Z\" \/>\n\t\t\t<\/svg>\n\t\t<\/button><\/figure>\n\n\n\n<figure data-wp-context=\"{&quot;imageId&quot;:&quot;69eb63b85940e&quot;}\" data-wp-interactive=\"core\/image\" data-wp-key=\"69eb63b85940e\" class=\"wp-block-image size-large wp-lightbox-container\"><img loading=\"lazy\" decoding=\"async\" width=\"724\" height=\"1024\" data-wp-class--hide=\"state.isContentHidden\" data-wp-class--show=\"state.isContentVisible\" data-wp-init=\"callbacks.setButtonStyles\" data-wp-on--click=\"actions.showLightbox\" data-wp-on--load=\"callbacks.setButtonStyles\" data-wp-on-window--resize=\"callbacks.setButtonStyles\" data-id=\"3020\" src=\"https:\/\/serwer1772130.home.pl\/autoinstalator\/wordpress\/wp-content\/uploads\/2025\/11\/Konferencja-gornicza-09.12-zaproszenie-724x1024.jpg\" alt=\"\" class=\"wp-image-3020\" srcset=\"https:\/\/serwer1772130.home.pl\/autoinstalator\/wordpress\/wp-content\/uploads\/2025\/11\/Konferencja-gornicza-09.12-zaproszenie-724x1024.jpg 724w, https:\/\/serwer1772130.home.pl\/autoinstalator\/wordpress\/wp-content\/uploads\/2025\/11\/Konferencja-gornicza-09.12-zaproszenie-212x300.jpg 212w, https:\/\/serwer1772130.home.pl\/autoinstalator\/wordpress\/wp-content\/uploads\/2025\/11\/Konferencja-gornicza-09.12-zaproszenie-768x1086.jpg 768w, https:\/\/serwer1772130.home.pl\/autoinstalator\/wordpress\/wp-content\/uploads\/2025\/11\/Konferencja-gornicza-09.12-zaproszenie-1086x1536.jpg 1086w, https:\/\/serwer1772130.home.pl\/autoinstalator\/wordpress\/wp-content\/uploads\/2025\/11\/Konferencja-gornicza-09.12-zaproszenie-1140x1613.jpg 1140w, https:\/\/serwer1772130.home.pl\/autoinstalator\/wordpress\/wp-content\/uploads\/2025\/11\/Konferencja-gornicza-09.12-zaproszenie.jpg 1240w\" sizes=\"auto, (max-width: 724px) 100vw, 724px\" \/><button\n\t\t\tclass=\"lightbox-trigger\"\n\t\t\ttype=\"button\"\n\t\t\taria-haspopup=\"dialog\"\n\t\t\taria-label=\"Powi\u0119ksz\"\n\t\t\tdata-wp-init=\"callbacks.initTriggerButton\"\n\t\t\tdata-wp-on--click=\"actions.showLightbox\"\n\t\t\tdata-wp-style--right=\"state.imageButtonRight\"\n\t\t\tdata-wp-style--top=\"state.imageButtonTop\"\n\t\t>\n\t\t\t<svg xmlns=\"http:\/\/www.w3.org\/2000\/svg\" width=\"12\" height=\"12\" fill=\"none\" viewBox=\"0 0 12 12\">\n\t\t\t\t<path fill=\"#fff\" d=\"M2 0a2 2 0 0 0-2 2v2h1.5V2a.5.5 0 0 1 .5-.5h2V0H2Zm2 10.5H2a.5.5 0 0 1-.5-.5V8H0v2a2 2 0 0 0 2 2h2v-1.5ZM8 12v-1.5h2a.5.5 0 0 0 .5-.5V8H12v2a2 2 0 0 1-2 2H8Zm2-12a2 2 0 0 1 2 2v2h-1.5V2a.5.5 0 0 0-.5-.5H8V0h2Z\" \/>\n\t\t\t<\/svg>\n\t\t<\/button><\/figure>\n<\/figure>\n","protected":false},"excerpt":{"rendered":"<p>Zapraszamy do udzia\u0142u w bezp\u0142atnej konferencji pt.: G\u00f3rnictwo w\u0119gla energetycznego w okresie transformacji energetyki. Pytania i w\u0105tpliwo\u015bci. Data: 9 grudnia 2025 r. Godz. 10:00 &#8211; 13:00 Miejsce: \u00a0G\u0142\u00f3wny Instytut G\u00f3rnictwa &#8211; Pa\u0144stwowy Instytut Badawczy Katowice, Plac Gwark\u00f3w 1 Aula im. prof. Marcina Boreckiego ZG\u0141OSZENIA: prosimy o przes\u0142anie imienia i nazwiska na adres: katowice@pte.pl<\/p>\n","protected":false},"author":1,"featured_media":0,"parent":0,"menu_order":0,"comment_status":"closed","ping_status":"closed","template":"","meta":{"footnotes":""},"class_list":["post-3016","page","type-page","status-publish","hentry"],"_links":{"self":[{"href":"https:\/\/serwer1772130.home.pl\/autoinstalator\/wordpress\/wp-json\/wp\/v2\/pages\/3016","targetHints":{"allow":["GET"]}}],"collection":[{"href":"https:\/\/serwer1772130.home.pl\/autoinstalator\/wordpress\/wp-json\/wp\/v2\/pages"}],"about":[{"href":"https:\/\/serwer1772130.home.pl\/autoinstalator\/wordpress\/wp-json\/wp\/v2\/types\/page"}],"author":[{"embeddable":true,"href":"https:\/\/serwer1772130.home.pl\/autoinstalator\/wordpress\/wp-json\/wp\/v2\/users\/1"}],"replies":[{"embeddable":true,"href":"https:\/\/serwer1772130.home.pl\/autoinstalator\/wordpress\/wp-json\/wp\/v2\/comments?post=3016"}],"version-history":[{"count":4,"href":"https:\/\/serwer1772130.home.pl\/autoinstalator\/wordpress\/wp-json\/wp\/v2\/pages\/3016\/revisions"}],"predecessor-version":[{"id":3022,"href":"https:\/\/serwer1772130.home.pl\/autoinstalator\/wordpress\/wp-json\/wp\/v2\/pages\/3016\/revisions\/3022"}],"wp:attachment":[{"href":"https:\/\/serwer1772130.home.pl\/autoinstalator\/wordpress\/wp-json\/wp\/v2\/media?parent=3016"}],"curies":[{"name":"wp","href":"https:\/\/api.w.org\/{rel}","templated":true}]}}